{"id":656,"date":"2021-05-22T13:57:43","date_gmt":"2021-05-22T16:57:43","guid":{"rendered":"http:\/\/www.gfeoswaldocruz.com.br\/gfeoc\/?page_id=656"},"modified":"2021-05-22T13:57:45","modified_gmt":"2021-05-22T16:57:45","slug":"evangelizacao-2","status":"publish","type":"page","link":"https:\/\/www.gfeoswaldocruz.com.br\/gfeoc\/evangelizacao-2\/","title":{"rendered":"Evangeliza\u00e7\u00e3o"},"content":{"rendered":"<blockquote>\n<h5>Considerando-se, naturalmente, a crian\u00e7a como o porvir acenando&#8211;nos agora, e o jovem<br \/>como o adulto de amanh\u00e3, n\u00e3o podemos, sem graves comprometimentos espirituais,<br \/>sonegar-lhes a educa\u00e7\u00e3o, as luzes do Evangelho de Nosso Senhor Jesus Cristo,<br \/>fazendo brilhar em seus cora\u00e7\u00f5es as excel\u00eancias das li\u00e7\u00f5es do excelso Mestre com<br \/>vistas \u00e0 transforma\u00e7\u00e3o das sociedades em uma nova humanidade. (Bezerra de Menezes)<\/h5>\n<\/blockquote>\n\n\n<p>Em car\u00e1ter da pandemia estamos com duas turmas: na <\/p>\n\n\n\n<p>Quinta \u00e0s 20:00h<br>Uma de 40 a 10 anos Infantil<br>Uma de 10 a 15 anos Pr\u00e9 mocidade<\/p>\n\n\n\n<p>S\u00e1bados mocidade \u00e0s 18:00 h<br>Encontro da fam\u00edlia: todo primeiro domingo do m\u00eas \u00e0s 10:00 h<\/p>\n\n\n\n<p><em>Para participar basta apontar a c\u00e2mera do celular para um dos QR codes abaixo:<\/em><\/p>\n\n\n\n<p> <\/p>\n\n\n\n<div class=\"wp-block-group\"><div class=\"wp-block-group__inner-container\">\n<div class=\"wp-block-image\"><figure class=\"aligncenter size-large\"><img loading=\"lazy\" width=\"157\" height=\"193\" src=\"http:\/\/www.gfeoswaldocruz.com.br\/gfeoc\/wp-content\/uploads\/2021\/05\/infantil.jpeg\" alt=\"\" class=\"wp-image-663\"\/><\/figure><\/div>\n\n\n\n<div class=\"wp-block-image\"><figure class=\"aligncenter size-large\"><img loading=\"lazy\" width=\"122\" height=\"178\" src=\"http:\/\/www.gfeoswaldocruz.com.br\/gfeoc\/wp-content\/uploads\/2021\/05\/image-1.png\" alt=\"\" class=\"wp-image-661\"\/><\/figure><\/div>\n\n\n\n<div class=\"wp-block-image\"><figure class=\"aligncenter size-large\"><img loading=\"lazy\" width=\"180\" height=\"198\" src=\"http:\/\/www.gfeoswaldocruz.com.br\/gfeoc\/wp-content\/uploads\/2021\/05\/image.png\" alt=\"\" class=\"wp-image-660\"\/><\/figure><\/div>\n<\/div><\/div>\n\n\n\n<p><\/p>\n","protected":false},"excerpt":{"rendered":"<p>Considerando-se, naturalmente, a crian\u00e7a como o porvir acenando&#8211;nos agora, e o jovemcomo o adulto de amanh\u00e3, n\u00e3o podemos, sem graves comprometimentos espirituais,sonegar-lhes a educa\u00e7\u00e3o, as luzes do Evangelho de Nosso [&hellip;]<\/p>\n","protected":false},"author":1,"featured_media":0,"parent":0,"menu_order":0,"comment_status":"closed","ping_status":"closed","template":"","meta":[],"_links":{"self":[{"href":"https:\/\/www.gfeoswaldocruz.com.br\/gfeoc\/wp-json\/wp\/v2\/pages\/656"}],"collection":[{"href":"https:\/\/www.gfeoswaldocruz.com.br\/gfeoc\/wp-json\/wp\/v2\/pages"}],"about":[{"href":"https:\/\/www.gfeoswaldocruz.com.br\/gfeoc\/wp-json\/wp\/v2\/types\/page"}],"author":[{"embeddable":true,"href":"https:\/\/www.gfeoswaldocruz.com.br\/gfeoc\/wp-json\/wp\/v2\/users\/1"}],"replies":[{"embeddable":true,"href":"https:\/\/www.gfeoswaldocruz.com.br\/gfeoc\/wp-json\/wp\/v2\/comments?post=656"}],"version-history":[{"count":1,"href":"https:\/\/www.gfeoswaldocruz.com.br\/gfeoc\/wp-json\/wp\/v2\/pages\/656\/revisions"}],"predecessor-version":[{"id":664,"href":"https:\/\/www.gfeoswaldocruz.com.br\/gfeoc\/wp-json\/wp\/v2\/pages\/656\/revisions\/664"}],"wp:attachment":[{"href":"https:\/\/www.gfeoswaldocruz.com.br\/gfeoc\/wp-json\/wp\/v2\/media?parent=656"}],"curies":[{"name":"wp","href":"https:\/\/api.w.org\/{rel}","templated":true}]}}