{"id":646,"date":"2021-03-19T21:04:56","date_gmt":"2021-03-20T00:04:56","guid":{"rendered":"http:\/\/www.gfeoswaldocruz.com.br\/gfeoc\/?page_id=646"},"modified":"2023-07-17T12:36:49","modified_gmt":"2023-07-17T15:36:49","slug":"coordenacao","status":"publish","type":"page","link":"https:\/\/www.gfeoswaldocruz.com.br\/gfeoc\/coordenacao\/","title":{"rendered":"Coordena\u00e7\u00e3o"},"content":{"rendered":"<p>[vc_row][vc_column][vc_column_text]<\/p>\n<p><strong>Julio Cesar de Carvalho<\/strong> \u2013 Coordenador Geral<\/p>\n\n<p><strong>Jonaci Sanches Alves (Jonas)<\/strong> \u2013 Vice Coordenador<\/p>\n\n<p><strong>Myrza Casado Rolim<\/strong> \u2013 Coordena\u00e7\u00e3o de Secretaria<\/p>\n\n<p><strong>Luiz Francisco Guerra<\/strong> \u2013 Coordena\u00e7\u00e3o Financeiro Cont\u00e1bil Patrimonial<\/p>\n\n<p><strong>Simone Stark<\/strong>\u00a0\u2013 Coordena\u00e7\u00e3o de Assuntos Doutrin\u00e1rios<\/p>\n\n<p><strong>Jo\u00e3o Francisco da Silva<\/strong> \u2013 Coordena\u00e7\u00e3o de Servi\u00e7o de Promo\u00e7\u00e3o Social Esp\u00edrita<\/p>\n\n<p><strong>Cintia Pissurno Correa<\/strong> \u2013 Coordena\u00e7\u00e3o de Inf\u00e2ncia e Juventude<\/p>\n\n<p><strong>Josiane Vogel Ramos<\/strong> \u2013 Coordena\u00e7\u00e3o de Orienta\u00e7\u00e3o Medi\u00fanica<\/p>\n\n<p><strong>Rodrigo Canella Ramos<\/strong> \u2013 Coordena\u00e7\u00e3o de Divulga\u00e7\u00e3o<\/p>\n\n<p><strong>Val\u00e9ria Massi Ramos<\/strong> \u2013 Coordena\u00e7\u00e3o de Livraria Esp\u00edrita Oswaldo Cruz<\/p>\n\n\n<p>&nbsp;<\/p>\n<p>[\/vc_column_text][\/vc_column][\/vc_row]<\/p>\n","protected":false},"excerpt":{"rendered":"<p>[vc_row][vc_column][vc_column_text] Julio Cesar de Carvalho \u2013 Coordenador Geral Jonaci Sanches Alves (Jonas) \u2013 Vice Coordenador Myrza Casado Rolim \u2013 Coordena\u00e7\u00e3o de Secretaria Luiz Francisco Guerra \u2013 Coordena\u00e7\u00e3o Financeiro Cont\u00e1bil Patrimonial [&hellip;]<\/p>\n","protected":false},"author":1,"featured_media":0,"parent":0,"menu_order":0,"comment_status":"closed","ping_status":"closed","template":"","meta":[],"_links":{"self":[{"href":"https:\/\/www.gfeoswaldocruz.com.br\/gfeoc\/wp-json\/wp\/v2\/pages\/646"}],"collection":[{"href":"https:\/\/www.gfeoswaldocruz.com.br\/gfeoc\/wp-json\/wp\/v2\/pages"}],"about":[{"href":"https:\/\/www.gfeoswaldocruz.com.br\/gfeoc\/wp-json\/wp\/v2\/types\/page"}],"author":[{"embeddable":true,"href":"https:\/\/www.gfeoswaldocruz.com.br\/gfeoc\/wp-json\/wp\/v2\/users\/1"}],"replies":[{"embeddable":true,"href":"https:\/\/www.gfeoswaldocruz.com.br\/gfeoc\/wp-json\/wp\/v2\/comments?post=646"}],"version-history":[{"count":3,"href":"https:\/\/www.gfeoswaldocruz.com.br\/gfeoc\/wp-json\/wp\/v2\/pages\/646\/revisions"}],"predecessor-version":[{"id":794,"href":"https:\/\/www.gfeoswaldocruz.com.br\/gfeoc\/wp-json\/wp\/v2\/pages\/646\/revisions\/794"}],"wp:attachment":[{"href":"https:\/\/www.gfeoswaldocruz.com.br\/gfeoc\/wp-json\/wp\/v2\/media?parent=646"}],"curies":[{"name":"wp","href":"https:\/\/api.w.org\/{rel}","templated":true}]}}