{"id":60,"date":"2017-07-25T09:11:54","date_gmt":"2017-07-25T09:11:54","guid":{"rendered":"http:\/\/localhost\/blessing\/?page_id=60"},"modified":"2020-08-12T09:09:05","modified_gmt":"2020-08-12T12:09:05","slug":"home","status":"publish","type":"page","link":"https:\/\/www.gfeoswaldocruz.com.br\/gfeoc\/","title":{"rendered":"Home"},"content":{"rendered":"<p>[vc_row fullwidth=&#8221;yes&#8221; css=&#8221;.vc_custom_1501668917565{padding-top: 0px !important;padding-bottom: 0px !important;}&#8221;][vc_column]\n\t\t\t<!-- START Home 2 REVOLUTION SLIDER 6.2.2 --><p class=\"rs-p-wp-fix\"><\/p>\n\t\t\t<rs-module-wrap id=\"rev_slider_2_1_wrapper\" data-source=\"gallery\" style=\"background:transparent;padding:0;\">\n\t\t\t\t<rs-module id=\"rev_slider_2_1\" style=\"display:none;\" data-version=\"6.2.2\">\n\t\t\t\t\t<rs-slides>\n\t\t\t\t\t\t<rs-slide data-key=\"rs-4\" data-title=\"Slide\" data-thumb=\"\/\/www.gfeoswaldocruz.com.br\/gfeoc\/wp-content\/uploads\/2017\/08\/pic-blog-4-100x50.jpg\" data-anim=\"ei:d;eo:d;s:1800;r:0;t:fade;sl:10;\">\n\t\t\t\t\t\t\t<img src=\"\/\/www.gfeoswaldocruz.com.br\/gfeoc\/wp-content\/uploads\/2017\/08\/pic-blog-4.jpg\" title=\"pic-blog-4\" width=\"800\" height=\"800\" class=\"rev-slidebg\" data-no-retina>\n<!--\n\t\t\t\t\t\t\t--><rs-layer\n\t\t\t\t\t\t\t\tid=\"slider-2-slide-4-layer-1\" \n\t\t\t\t\t\t\t\tclass=\"border-v\"\n\t\t\t\t\t\t\t\tdata-type=\"text\"\n\t\t\t\t\t\t\t\tdata-color=\"#ffffff\"\n\t\t\t\t\t\t\t\tdata-rsp_ch=\"on\"\n\t\t\t\t\t\t\t\tdata-xy=\"x:540px;y:c;\"\n\t\t\t\t\t\t\t\tdata-text=\"l:22;a:inherit;\"\n\t\t\t\t\t\t\t\tdata-frame_0=\"y:top;o:1;tp:600;\"\n\t\t\t\t\t\t\t\tdata-frame_1=\"tp:600;e:easeInOutCubic;st:400;sp:800;sR:400;\"\n\t\t\t\t\t\t\t\tdata-frame_999=\"y:top;tp:600;e:easeInOutCubic;st:w;sp:400;sR:13800;\"\n\t\t\t\t\t\t\t\tstyle=\"z-index:5;font-family:Open Sans;\"\n\t\t\t\t\t\t\t> \n\t\t\t\t\t\t\t<\/rs-layer><!--\n\n\t\t\t\t\t\t\t--><rs-layer\n\t\t\t\t\t\t\t\tid=\"slider-2-slide-4-layer-3\" \n\t\t\t\t\t\t\t\tdata-type=\"text\"\n\t\t\t\t\t\t\t\tdata-color=\"#ffffff\"\n\t\t\t\t\t\t\t\tdata-rsp_ch=\"on\"\n\t\t\t\t\t\t\t\tdata-xy=\"x:605px;y:238px;\"\n\t\t\t\t\t\t\t\tdata-text=\"s:23;l:10;ls:1;fw:700;a:inherit;\"\n\t\t\t\t\t\t\t\tdata-dim=\"h:12px;\"\n\t\t\t\t\t\t\t\tdata-frame_0=\"y:-22px;tp:600;\"\n\t\t\t\t\t\t\t\tdata-frame_1=\"tp:600;e:easeInOutCubic;st:800;sp:800;sR:800;\"\n\t\t\t\t\t\t\t\tdata-frame_999=\"y:-22px;o:0;tp:600;e:easeInOutCubic;st:w;sp:500;sR:13400;\"\n\t\t\t\t\t\t\t\tstyle=\"z-index:7;font-family:Montserrat;text-transform:uppercase;\"\n\t\t\t\t\t\t\t>Emmanuel \n\t\t\t\t\t\t\t<\/rs-layer><!--\n\n\t\t\t\t\t\t\t--><rs-layer\n\t\t\t\t\t\t\t\tid=\"slider-2-slide-4-layer-4\" \n\t\t\t\t\t\t\t\tdata-type=\"text\"\n\t\t\t\t\t\t\t\tdata-color=\"#000000\"\n\t\t\t\t\t\t\t\tdata-rsp_ch=\"on\"\n\t\t\t\t\t\t\t\tdata-xy=\"x:604px;y:137px;\"\n\t\t\t\t\t\t\t\tdata-text=\"s:14;l:28;a:inherit;\"\n\t\t\t\t\t\t\t\tdata-frame_0=\"y:50px;tp:600;\"\n\t\t\t\t\t\t\t\tdata-frame_1=\"tp:600;e:easeInOutCubic;st:1400;sp:800;sR:1400;\"\n\t\t\t\t\t\t\t\tdata-frame_999=\"y:50px;o:0;tp:600;e:easeInOutCubic;st:w;sp:500;sR:12800;\"\n\t\t\t\t\t\t\t\tstyle=\"z-index:5;font-family:Open Sans;\"\n\t\t\t\t\t\t\t>Toler\u00e2ncia \u00e9 caminho de paz. \n<br \/>\nN\u00e3o julgues esse ou aquele companheiro ignorante ou desinformado, portanto, <br \/>\nse aprendeste a ouvir, j\u00e1 sabes compreender.<br> \n\t\t\t\t\t\t\t<\/rs-layer><!--\n-->\t\t\t\t\t\t<\/rs-slide>\n\t\t\t\t\t\t<rs-slide data-key=\"rs-5\" data-title=\"Slide\" data-thumb=\"\/\/www.gfeoswaldocruz.com.br\/gfeoc\/wp-content\/uploads\/2017\/07\/bg-2-100x50.jpg\" data-anim=\"ei:d;eo:d;s:1800;r:0;t:fade;sl:10;\">\n\t\t\t\t\t\t\t<img src=\"\/\/www.gfeoswaldocruz.com.br\/gfeoc\/wp-content\/uploads\/2017\/07\/bg-2.jpg\" title=\"Home\" class=\"rev-slidebg\" data-no-retina>\n<!--\n\t\t\t\t\t\t\t--><rs-layer\n\t\t\t\t\t\t\t\tid=\"slider-2-slide-5-layer-3\" \n\t\t\t\t\t\t\t\tdata-type=\"text\"\n\t\t\t\t\t\t\t\tdata-color=\"#ffffff\"\n\t\t\t\t\t\t\t\tdata-rsp_ch=\"on\"\n\t\t\t\t\t\t\t\tdata-xy=\"y:283px;\"\n\t\t\t\t\t\t\t\tdata-text=\"s:26;l:11;ls:1;fw:700;a:inherit;\"\n\t\t\t\t\t\t\t\tdata-frame_0=\"x:25px;tp:600;\"\n\t\t\t\t\t\t\t\tdata-frame_1=\"tp:600;e:easeInOutCubic;st:800;sp:800;sR:800;\"\n\t\t\t\t\t\t\t\tdata-frame_999=\"x:25px;o:0;tp:600;e:easeInOutCubic;st:w;sp:500;sR:13400;\"\n\t\t\t\t\t\t\t\tstyle=\"z-index:6;font-family:Montserrat;text-transform:uppercase;\"\n\t\t\t\t\t\t\t>Joanna de \u00c2ngelis \n\t\t\t\t\t\t\t<\/rs-layer><!--\n\n\t\t\t\t\t\t\t--><rs-layer\n\t\t\t\t\t\t\t\tid=\"slider-2-slide-5-layer-4\" \n\t\t\t\t\t\t\t\tdata-type=\"text\"\n\t\t\t\t\t\t\t\tdata-color=\"#ffffff\"\n\t\t\t\t\t\t\t\tdata-rsp_ch=\"on\"\n\t\t\t\t\t\t\t\tdata-xy=\"y:240px;\"\n\t\t\t\t\t\t\t\tdata-text=\"s:14;l:28;a:inherit;\"\n\t\t\t\t\t\t\t\tdata-frame_0=\"y:50px;tp:600;\"\n\t\t\t\t\t\t\t\tdata-frame_1=\"tp:600;e:easeInOutCubic;st:1200;sp:800;sR:1200;\"\n\t\t\t\t\t\t\t\tdata-frame_999=\"y:50px;o:0;tp:600;e:easeInOutCubic;st:w;sp:500;sR:13000;\"\n\t\t\t\t\t\t\t\tstyle=\"z-index:7;font-family:Open Sans;\"\n\t\t\t\t\t\t\t>A pr\u00f3pria vida \u00e9 um livro aberto, que ensina a quem deseja aprender. \n\t\t\t\t\t\t\t<\/rs-layer><!--\n-->\t\t\t\t\t\t<\/rs-slide>\n\t\t\t\t\t\t<rs-slide data-key=\"rs-6\" data-title=\"Slide\" data-thumb=\"\/\/www.gfeoswaldocruz.com.br\/gfeoc\/wp-content\/uploads\/2017\/07\/bg-3-100x50.jpg\" data-anim=\"ei:d;eo:d;s:1800;r:0;t:fade;sl:10;\">\n\t\t\t\t\t\t\t<img src=\"\/\/www.gfeoswaldocruz.com.br\/gfeoc\/wp-content\/uploads\/2017\/07\/bg-3.jpg\" title=\"Home\" class=\"rev-slidebg\" data-no-retina>\n<!--\n\t\t\t\t\t\t\t--><rs-layer\n\t\t\t\t\t\t\t\tid=\"slider-2-slide-6-layer-1\" \n\t\t\t\t\t\t\t\tclass=\"border-v\"\n\t\t\t\t\t\t\t\tdata-type=\"text\"\n\t\t\t\t\t\t\t\tdata-color=\"#ffffff\"\n\t\t\t\t\t\t\t\tdata-rsp_ch=\"on\"\n\t\t\t\t\t\t\t\tdata-xy=\"x:540px;y:c;\"\n\t\t\t\t\t\t\t\tdata-text=\"l:22;a:inherit;\"\n\t\t\t\t\t\t\t\tdata-frame_0=\"y:top;o:1;tp:600;\"\n\t\t\t\t\t\t\t\tdata-frame_1=\"tp:600;e:easeInOutCubic;st:400;sp:800;sR:400;\"\n\t\t\t\t\t\t\t\tdata-frame_999=\"y:top;tp:600;e:easeInOutCubic;st:w;sR:13800;\"\n\t\t\t\t\t\t\t\tstyle=\"z-index:5;font-family:Open Sans;\"\n\t\t\t\t\t\t\t> \n\t\t\t\t\t\t\t<\/rs-layer><!--\n\n\t\t\t\t\t\t\t--><rs-layer\n\t\t\t\t\t\t\t\tid=\"slider-2-slide-6-layer-3\" \n\t\t\t\t\t\t\t\tdata-type=\"text\"\n\t\t\t\t\t\t\t\tdata-color=\"#ffffff\"\n\t\t\t\t\t\t\t\tdata-rsp_ch=\"on\"\n\t\t\t\t\t\t\t\tdata-xy=\"x:600px;y:319px;\"\n\t\t\t\t\t\t\t\tdata-text=\"s:29;l:12;ls:1;fw:700;a:inherit;\"\n\t\t\t\t\t\t\t\tdata-frame_0=\"y:-28px;tp:600;\"\n\t\t\t\t\t\t\t\tdata-frame_1=\"tp:600;e:easeInOutCubic;st:800;sp:800;sR:800;\"\n\t\t\t\t\t\t\t\tdata-frame_999=\"y:-28px;o:0;tp:600;e:easeInOutCubic;st:w;sp:500;sR:13400;\"\n\t\t\t\t\t\t\t\tstyle=\"z-index:7;font-family:Montserrat;text-transform:uppercase;\"\n\t\t\t\t\t\t\t>Bezerra de Menezes \n\t\t\t\t\t\t\t<\/rs-layer><!--\n\n\t\t\t\t\t\t\t--><rs-layer\n\t\t\t\t\t\t\t\tid=\"slider-2-slide-6-layer-4\" \n\t\t\t\t\t\t\t\tdata-type=\"text\"\n\t\t\t\t\t\t\t\tdata-color=\"#ffffff\"\n\t\t\t\t\t\t\t\tdata-rsp_ch=\"on\"\n\t\t\t\t\t\t\t\tdata-xy=\"x:600px;y:240px;\"\n\t\t\t\t\t\t\t\tdata-text=\"s:14;l:28;a:inherit;\"\n\t\t\t\t\t\t\t\tdata-frame_0=\"y:50px;tp:600;\"\n\t\t\t\t\t\t\t\tdata-frame_1=\"tp:600;e:easeInOutCubic;st:1400;sp:800;sR:1400;\"\n\t\t\t\t\t\t\t\tdata-frame_999=\"y:50px;o:0;tp:600;e:easeInOutCubic;st:w;sp:500;sR:12800;\"\n\t\t\t\t\t\t\t\tstyle=\"z-index:8;font-family:Open Sans;\"\n\t\t\t\t\t\t\t>N\u00e3o pe\u00e7a aux\u00edlio exclusivo para as suas necessidades. \n<br \/>\nTrabalhe a benef\u00edcio de todos. \n\t\t\t\t\t\t\t<\/rs-layer><!--\n-->\t\t\t\t\t\t<\/rs-slide>\n\t\t\t\t\t<\/rs-slides>\n\t\t\t\t\t<rs-progress class=\"rs-bottom\" style=\"visibility: hidden !important;\"><\/rs-progress>\n\t\t\t\t<\/rs-module>\n\t\t\t\t<script type=\"text\/javascript\">\n\t\t\t\t\tsetREVStartSize({c: 'rev_slider_2_1',rl:[1240,1024,778,480],el:[500],gw:[1170],gh:[500],type:'standard',justify:'',layout:'fullscreen',offsetContainer:'',offset:'',mh:\"0\"});\n\t\t\t\t\tvar\trevapi2,\n\t\t\t\t\t\ttpj;\n\t\t\t\t\tjQuery(function() {\n\t\t\t\t\t\ttpj = jQuery;\n\t\t\t\t\t\tif(tpj(\"#rev_slider_2_1\").revolution == undefined){\n\t\t\t\t\t\t\trevslider_showDoubleJqueryError(\"#rev_slider_2_1\");\n\t\t\t\t\t\t}else{\n\t\t\t\t\t\t\trevapi2 = tpj(\"#rev_slider_2_1\").show().revolution({\n\t\t\t\t\t\t\t\tjsFileLocation:\"\/\/www.gfeoswaldocruz.com.br\/gfeoc\/wp-content\/plugins\/revslider\/public\/assets\/js\/\",\n\t\t\t\t\t\t\t\tsliderLayout:\"fullscreen\",\n\t\t\t\t\t\t\t\tduration:15000,\n\t\t\t\t\t\t\t\tvisibilityLevels:\"1240,1024,778,480\",\n\t\t\t\t\t\t\t\tgridwidth:1170,\n\t\t\t\t\t\t\t\tgridheight:500,\n\t\t\t\t\t\t\t\teditorheight:\"500,768,960,720\",\n\t\t\t\t\t\t\t\tresponsiveLevels:\"1240,1024,778,480\",\n\t\t\t\t\t\t\t\tdisableForceFullWidth:true,\n\t\t\t\t\t\t\t\tdisableProgressBar:\"on\",\n\t\t\t\t\t\t\t\tnavigation: {\n\t\t\t\t\t\t\t\t\tmouseScrollNavigation:false,\n\t\t\t\t\t\t\t\t\ttouch: {\n\t\t\t\t\t\t\t\t\t\ttouchenabled:true\n\t\t\t\t\t\t\t\t\t},\n\t\t\t\t\t\t\t\t\tarrows: {\n\t\t\t\t\t\t\t\t\t\tenable:true,\n\t\t\t\t\t\t\t\t\t\tstyle:\"hesperiden\",\n\t\t\t\t\t\t\t\t\t\thide_onleave:true,\n\t\t\t\t\t\t\t\t\t\tleft: {\n\n\t\t\t\t\t\t\t\t\t\t},\n\t\t\t\t\t\t\t\t\t\tright: {\n\n\t\t\t\t\t\t\t\t\t\t}\n\t\t\t\t\t\t\t\t\t}\n\t\t\t\t\t\t\t\t},\n\t\t\t\t\t\t\t\tfallbacks: {\n\t\t\t\t\t\t\t\t\tallowHTML5AutoPlayOnAndroid:true\n\t\t\t\t\t\t\t\t},\n\t\t\t\t\t\t\t});\n\t\t\t\t\t\t}\n\t\t\t\t\t\t\n\t\t\t\t\t});\n\t\t\t\t<\/script>\n\t\t\t\t<script>\n\t\t\t\t\tvar htmlDivCss = unescape(\"%23rev_slider_2_1_wrapper%20.hesperiden.tparrows%20%7B%0A%09cursor%3Apointer%3B%0A%09background%3Argba%280%2C0%2C0%2C0.5%29%3B%0A%09width%3A40px%3B%0A%09height%3A40px%3B%0A%09position%3Aabsolute%3B%0A%09display%3Ablock%3B%0A%09z-index%3A1000%3B%0A%20%20%20%20border-radius%3A%2050%25%3B%0A%7D%0A%23rev_slider_2_1_wrapper%20.hesperiden.tparrows%3Ahover%20%7B%0A%09background%3A%23000000%3B%0A%7D%0A%23rev_slider_2_1_wrapper%20.hesperiden.tparrows%3Abefore%20%7B%0A%09font-family%3A%20%27revicons%27%3B%0A%09font-size%3A20px%3B%0A%09color%3A%23ffffff%3B%0A%09display%3Ablock%3B%0A%09line-height%3A%2040px%3B%0A%09text-align%3A%20center%3B%0A%7D%0A%23rev_slider_2_1_wrapper%20.hesperiden.tparrows.tp-leftarrow%3Abefore%20%7B%0A%09content%3A%20%27%5Ce82c%27%3B%0A%20%20%20%20margin-left%3A-3px%3B%0A%7D%0A%23rev_slider_2_1_wrapper%20.hesperiden.tparrows.tp-rightarrow%3Abefore%20%7B%0A%09content%3A%20%27%5Ce82d%27%3B%0A%20%20%20%20margin-right%3A-3px%3B%0A%7D%0A\");\n\t\t\t\t\tvar htmlDiv = document.getElementById('rs-plugin-settings-inline-css');\n\t\t\t\t\tif(htmlDiv) {\n\t\t\t\t\t\thtmlDiv.innerHTML = htmlDiv.innerHTML + htmlDivCss;\n\t\t\t\t\t}else{\n\t\t\t\t\t\tvar htmlDiv = document.createElement('div');\n\t\t\t\t\t\thtmlDiv.innerHTML = '<style>' + htmlDivCss + '<\/style>';\n\t\t\t\t\t\tdocument.getElementsByTagName('head')[0].appendChild(htmlDiv.childNodes[0]);\n\t\t\t\t\t}\n\t\t\t\t<\/script>\n\t\t\t\t<script>\n\t\t\t\t\tvar htmlDivCss = unescape(\"%0A%0A%0A\");\n\t\t\t\t\tvar htmlDiv = document.getElementById('rs-plugin-settings-inline-css');\n\t\t\t\t\tif(htmlDiv) {\n\t\t\t\t\t\thtmlDiv.innerHTML = htmlDiv.innerHTML + htmlDivCss;\n\t\t\t\t\t}else{\n\t\t\t\t\t\tvar htmlDiv = document.createElement('div');\n\t\t\t\t\t\thtmlDiv.innerHTML = '<style>' + htmlDivCss + '<\/style>';\n\t\t\t\t\t\tdocument.getElementsByTagName('head')[0].appendChild(htmlDiv.childNodes[0]);\n\t\t\t\t\t}\n\t\t\t\t<\/script>\n\t\t\t<\/rs-module-wrap>\n\t\t\t<!-- END REVOLUTION SLIDER -->\n[\/vc_column][\/vc_row][vc_row fullwidth=&#8221;yes&#8221; css=&#8221;.vc_custom_1501822695769{padding-top: 0px !important;padding-bottom: 0px !important;}&#8221; el_class=&#8221;bg-color&#8221;][vc_column][\/vc_column][\/vc_row]<\/p>\n","protected":false},"excerpt":{"rendered":"<p>[vc_row fullwidth=&#8221;yes&#8221; css=&#8221;.vc_custom_1501668917565{padding-top: 0px !important;padding-bottom: 0px !important;}&#8221;][vc_column][\/vc_column][\/vc_row][vc_row fullwidth=&#8221;yes&#8221; css=&#8221;.vc_custom_1501822695769{padding-top: 0px !important;padding-bottom: 0px !important;}&#8221; el_class=&#8221;bg-color&#8221;][vc_column][\/vc_column][\/vc_row]<\/p>\n","protected":false},"author":1,"featured_media":0,"parent":0,"menu_order":0,"comment_status":"closed","ping_status":"closed","template":"page-templates\/template-canvas.php","meta":[],"_links":{"self":[{"href":"https:\/\/www.gfeoswaldocruz.com.br\/gfeoc\/wp-json\/wp\/v2\/pages\/60"}],"collection":[{"href":"https:\/\/www.gfeoswaldocruz.com.br\/gfeoc\/wp-json\/wp\/v2\/pages"}],"about":[{"href":"https:\/\/www.gfeoswaldocruz.com.br\/gfeoc\/wp-json\/wp\/v2\/types\/page"}],"author":[{"embeddable":true,"href":"https:\/\/www.gfeoswaldocruz.com.br\/gfeoc\/wp-json\/wp\/v2\/users\/1"}],"replies":[{"embeddable":true,"href":"https:\/\/www.gfeoswaldocruz.com.br\/gfeoc\/wp-json\/wp\/v2\/comments?post=60"}],"version-history":[{"count":7,"href":"https:\/\/www.gfeoswaldocruz.com.br\/gfeoc\/wp-json\/wp\/v2\/pages\/60\/revisions"}],"predecessor-version":[{"id":604,"href":"https:\/\/www.gfeoswaldocruz.com.br\/gfeoc\/wp-json\/wp\/v2\/pages\/60\/revisions\/604"}],"wp:attachment":[{"href":"https:\/\/www.gfeoswaldocruz.com.br\/gfeoc\/wp-json\/wp\/v2\/media?parent=60"}],"curies":[{"name":"wp","href":"https:\/\/api.w.org\/{rel}","templated":true}]}}