{"id":505,"date":"2020-04-20T19:14:05","date_gmt":"2020-04-20T22:14:05","guid":{"rendered":"http:\/\/www.gfeoswaldocruz.com.br\/gfeoc\/?page_id=505"},"modified":"2021-05-26T16:01:15","modified_gmt":"2021-05-26T19:01:15","slug":"agenda","status":"publish","type":"page","link":"http:\/\/www.gfeoswaldocruz.com.br\/gfeoc\/agenda\/","title":{"rendered":"Agenda Permanente"},"content":{"rendered":"<p>[vc_row][vc_column width=&#8221;1\/2&#8243;][vc_text_separator title=&#8221;Servi\u00e7os&#8221; i_icon_fontawesome=&#8221;fas fa-hand-holding-heart&#8221; i_color=&#8221;custom&#8221; add_icon=&#8221;true&#8221; i_custom_color=&#8221;#1e73be&#8221;][vc_column_text]- Atendimento Fraterno &#8211; Segunda a partir das 19h e 30min<br \/>\n&#8211; Campanha do Quilo &#8211; Segundo domingo do m\u00eas \u00e0s 9h<br \/>\n&#8211; Educa\u00e7\u00e3o Medi\u00fanica (privativa) &#8211; Segunda \u00e0s 19h e 30min<br \/>\n&#8211; Evangeliza\u00e7\u00e3o Infanto Juvenil &#8211; Quinta \u00e0s 20h<br \/>\n&#8211; Mocidades &#8211; Quinta \u00e0s 20h<br \/>\n&#8211; Reuni\u00e3o de Tratamento Espiritual (privativa) &#8211; Ter\u00e7a \u00e0s 19h<br \/>\n&#8211; Reuni\u00e3o Medi\u00fanica (privativa) &#8211; Ter\u00e7a \u00e0s 19h e 30min<br \/>\n&#8211; Reuni\u00e3o P\u00fablica Doutrin\u00e1ria &#8211; Segunda e quinta \u00e0s 20h &#8211; ter\u00e7a \u00e0s 15h domingo \u00e0s 10h<br \/>\n&#8211; Reuni\u00e3o Vibracional (privativa) &#8211; Sexta \u00e0s 20h[\/vc_column_text][\/vc_column][vc_column width=&#8221;1\/2&#8243;][vc_text_separator title=&#8221;Cursos&#8221; i_icon_fontawesome=&#8221;fas fa-book-reader&#8221; i_color=&#8221;custom&#8221; add_icon=&#8221;true&#8221; i_custom_color=&#8221;#1e73be&#8221;][vc_column_text]- Estudo das obras de Andr\u00e9 Luiz (Nosso Lar) \u2013 2\u00aaFeira \u2013 18h30min com Enir Sattler<br \/>\n&#8211; Curso do livro Encontro Marcado \u2013 3\u00aaFeira \u2013 18h30min com irm\u00e3os diversos<br \/>\n&#8211; Curso do livro Boa Nova \u2013 3\u00aaFeira \u2013 20h30min com Fernando Coimbra<br \/>\n&#8211; Curso do livro Tormentos da Obsess\u00e3o \u2013 4\u00aa Feira \u2013 18h30min com Luiz Fernando<br \/>\n&#8211; Curso do livro O Problema do Ser do Destino e da Dor \u2013 4\u00aaFeira \u2013 20h com Luiz Fernando<br \/>\n&#8211; Curso do livro A caminho da Luz \u2013 4\u00aa Feira \u2013 19h com Elmir Chaia<br \/>\n&#8211; Curso do Livro dos Esp\u00edritos \u2013 4\u00aa Feira \u2013 19h com Luis Guilherme<br \/>\n&#8211; Curso do livro O c\u00f3digo do monte \u2013 4\u00aa Feira \u2013 20h com Luis Guilherme<br \/>\n&#8211; Curso da Revista Esp\u00edrita &#8211; 6\u00aa Feira &#8211; 18h30min com Luis Guilherme<br \/>\n&#8211; Curso das Obras Psicol\u00f3gicas (Joanna de \u00c2ngelis) \u2013 S\u00e1bado \u2013 10h com In\u00eas Galluzzi<br \/>\n&#8211; ESDE Tomo 2 com Rafael Neiva e M\u00e1rcio Nascimento (Turmas abertas para quem j\u00e1 realizou o Tomo 1)[\/vc_column_text][\/vc_column][\/vc_row][vc_row][vc_column][vc_column_text]<\/p>\n<ul>\n<li>Em fun\u00e7\u00e3o da pandemia as atividades est\u00e3o suspensas e os curso est\u00e3o funcionando na modalidade on-line.<\/li>\n<\/ul>\n<p>[\/vc_column_text][\/vc_column][\/vc_row]<\/p>\n","protected":false},"excerpt":{"rendered":"<p>[vc_row][vc_column width=&#8221;1\/2&#8243;][vc_text_separator title=&#8221;Servi\u00e7os&#8221; i_icon_fontawesome=&#8221;fas fa-hand-holding-heart&#8221; i_color=&#8221;custom&#8221; add_icon=&#8221;true&#8221; i_custom_color=&#8221;#1e73be&#8221;][vc_column_text]- Atendimento Fraterno &#8211; Segunda a partir das 19h e 30min &#8211; Campanha do Quilo &#8211; Segundo domingo do m\u00eas \u00e0s 9h &#8211; [&hellip;]<\/p>\n","protected":false},"author":1,"featured_media":0,"parent":0,"menu_order":0,"comment_status":"closed","ping_status":"closed","template":"page-templates\/template-fullwidth.php","meta":[],"_links":{"self":[{"href":"http:\/\/www.gfeoswaldocruz.com.br\/gfeoc\/wp-json\/wp\/v2\/pages\/505"}],"collection":[{"href":"http:\/\/www.gfeoswaldocruz.com.br\/gfeoc\/wp-json\/wp\/v2\/pages"}],"about":[{"href":"http:\/\/www.gfeoswaldocruz.com.br\/gfeoc\/wp-json\/wp\/v2\/types\/page"}],"author":[{"embeddable":true,"href":"http:\/\/www.gfeoswaldocruz.com.br\/gfeoc\/wp-json\/wp\/v2\/users\/1"}],"replies":[{"embeddable":true,"href":"http:\/\/www.gfeoswaldocruz.com.br\/gfeoc\/wp-json\/wp\/v2\/comments?post=505"}],"version-history":[{"count":8,"href":"http:\/\/www.gfeoswaldocruz.com.br\/gfeoc\/wp-json\/wp\/v2\/pages\/505\/revisions"}],"predecessor-version":[{"id":707,"href":"http:\/\/www.gfeoswaldocruz.com.br\/gfeoc\/wp-json\/wp\/v2\/pages\/505\/revisions\/707"}],"wp:attachment":[{"href":"http:\/\/www.gfeoswaldocruz.com.br\/gfeoc\/wp-json\/wp\/v2\/media?parent=505"}],"curies":[{"name":"wp","href":"https:\/\/api.w.org\/{rel}","templated":true}]}}