{"id":241,"date":"2017-08-07T08:22:37","date_gmt":"2017-08-07T08:22:37","guid":{"rendered":"http:\/\/localhost\/blessing\/?page_id=241"},"modified":"2021-05-24T17:46:41","modified_gmt":"2021-05-24T20:46:41","slug":"ogfeoc","status":"publish","type":"page","link":"http:\/\/www.gfeoswaldocruz.com.br\/gfeoc\/ogfeoc\/","title":{"rendered":"O GFEOC"},"content":{"rendered":"<p>[vc_row][vc_column][vc_empty_space][\/vc_column][\/vc_row][vc_row el_id=&#8221;historia&#8221;][vc_column width=&#8221;1\/2&#8243;][vc_column_text][\/vc_column_text][\/vc_column][vc_column width=&#8221;1\/2&#8243;][vc_column_text]<span style=\"font-family: Montserrat, Arial, Helvetica, sans-serif; font-size: 1.5rem;\">Administra\u00e7\u00e3o<\/span><\/p>\n<div class=\"entry-content\">\n<p>Coordena\u00e7\u00e3o Geral:<br \/>\n<strong>J\u00falio C\u00e9sar Carvalho<\/strong> \u2013 cgeral@gfeoswaldocruz.com.br<\/p>\n<p>Coordena\u00e7\u00e3o de Secretaria: CS<br \/>\n<strong>Myrza Rolim<\/strong>\u00a0\u2013\u00a0secretaria@gfeoswaldocuz.com.br<\/p>\n<p>Coordena\u00e7\u00e3o Medi\u00fanica: COM<br \/>\n<strong>Fernando Coimbra<\/strong>\u00a0\u2013\u00a0mediunica@gfeoswaldocruz.com.br<\/p>\n<p>Coordena\u00e7\u00e3o\u00a0 de Assuntos Doutrin\u00e1ria: COAD<br \/>\n<strong>Lu\u00eds Guilherme A. Rodrigues<\/strong>\u00a0\u2013 doutrinaria@gfeoswaldocruz.com.br<\/p>\n<p>Coordena\u00e7\u00e3o Financeira, Patrimonial e Cont\u00e1bil: CFPC<br \/>\n<strong>Luiz Francisco Guerra<\/strong>\u00a0\u2013\u00a0financeira@gfeoswaldocruz.com.br<\/p>\n<p>Coordena\u00e7\u00e3o de Divulga\u00e7\u00e3o: CODI<br \/>\n<strong>Rodrigo Canella Ramos<\/strong>\u00a0\u2013 divulgacao@gfeoswaldocruz.com.br<\/p>\n<p>Coordena\u00e7\u00e3o da Inf\u00e2ncia e Juventude: CIJ<br \/>\n<strong>Cintia Pissurno <\/strong>\u2013 evangelizacao@gfeoswaldocruz.com.br<\/p>\n<p>Coordena\u00e7\u00e3o do Servi\u00e7o Assistencial Esp\u00edrita: CSAE<br \/>\n<strong>Jo\u00e3o Francisco<\/strong>\u00a0\u2013 psocial@gfeoswaldocruz.com.br<\/p>\n<\/div>\n<p>[\/vc_column_text][\/vc_column][vc_column][\/vc_column][\/vc_row][vc_row css=&#8221;.vc_custom_1588816806743{padding-top: 80px !important;padding-bottom: 80px !important;}&#8221; el_id=&#8221;fotos&#8221;][vc_column][vc_text_separator title=&#8221;Galeria de Fotos&#8221;]\t\n\n\t<!-- OT Gallery Images -->\n\t<div id=\"gallery-isotope\" class=\"gallery-isotope grid-image-gallery\">\n\t\t\t\t\t<div class=\"item small-pic\">\n\t            <a href=\"http:\/\/www.gfeoswaldocruz.com.br\/gfeoc\/wp-content\/uploads\/2021\/05\/fotob.jpg\" class=\"gallery-images-popup-69d9645f5e95a\" title=\"fotob\"><span class=\"overlay\"><\/span><\/a>\n\t            <img src=\"http:\/\/www.gfeoswaldocruz.com.br\/gfeoc\/wp-content\/uploads\/2021\/05\/fotob.jpg\" alt=\"\">\n\t        <\/div>         \t\n        \t\t\t<div class=\"item small-pic\">\n\t            <a href=\"http:\/\/www.gfeoswaldocruz.com.br\/gfeoc\/wp-content\/uploads\/2021\/05\/fotoa.jpg\" class=\"gallery-images-popup-69d9645f5e95a\" title=\"fotoa\"><span class=\"overlay\"><\/span><\/a>\n\t            <img src=\"http:\/\/www.gfeoswaldocruz.com.br\/gfeoc\/wp-content\/uploads\/2021\/05\/fotoa.jpg\" alt=\"\">\n\t        <\/div>         \t\n        \t\t\t<div class=\"item small-pic\">\n\t            <a href=\"http:\/\/www.gfeoswaldocruz.com.br\/gfeoc\/wp-content\/uploads\/2021\/05\/fotoc.jpg\" class=\"gallery-images-popup-69d9645f5e95a\" title=\"fotoc\"><span class=\"overlay\"><\/span><\/a>\n\t            <img src=\"http:\/\/www.gfeoswaldocruz.com.br\/gfeoc\/wp-content\/uploads\/2021\/05\/fotoc.jpg\" alt=\"\">\n\t        <\/div>         \t\n        \t\t\t<div class=\"item Planejando a constru\u00e7\u00e3o da sede social - Junho de 1979\">\n\t            <a href=\"http:\/\/www.gfeoswaldocruz.com.br\/gfeoc\/wp-content\/uploads\/2021\/05\/Sede-antes-das-obras-de-expansao-1979-1-3.jpg\" class=\"gallery-images-popup-69d9645f5e95a\" title=\"Planejando a constru\u00e7\u00e3o da sede social - Junho de 1979\"><span class=\"overlay\"><\/span><\/a>\n\t            <img src=\"http:\/\/www.gfeoswaldocruz.com.br\/gfeoc\/wp-content\/uploads\/2021\/05\/Sede-antes-das-obras-de-expansao-1979-1-3.jpg\" alt=\"\">\n\t        <\/div>         \t\n        \t\t\t<div class=\"item Obras de expans\u00e3o do 2\u00ba pavimento da sede social - Setembro de 1987\">\n\t            <a href=\"http:\/\/www.gfeoswaldocruz.com.br\/gfeoc\/wp-content\/uploads\/2021\/05\/Obras-1987-1-2.jpg\" class=\"gallery-images-popup-69d9645f5e95a\" title=\"Obras de expans\u00e3o do 2\u00ba pavimento da sede social - Setembro de 1987\"><span class=\"overlay\"><\/span><\/a>\n\t            <img src=\"http:\/\/www.gfeoswaldocruz.com.br\/gfeoc\/wp-content\/uploads\/2021\/05\/Obras-1987-1-2.jpg\" alt=\"\">\n\t        <\/div>         \t\n        \t\t\t<div class=\"item M\u00e3os solid\u00e1rias na reconstru\u00e7\u00e3o - Mar\u00e7o de 1994\">\n\t            <a href=\"http:\/\/www.gfeoswaldocruz.com.br\/gfeoc\/wp-content\/uploads\/2021\/05\/04-SONHO-DA-SEDE-1.jpg\" class=\"gallery-images-popup-69d9645f5e95a\" title=\"M\u00e3os solid\u00e1rias na reconstru\u00e7\u00e3o - Mar\u00e7o de 1994\"><span class=\"overlay\"><\/span><\/a>\n\t            <img src=\"http:\/\/www.gfeoswaldocruz.com.br\/gfeoc\/wp-content\/uploads\/2021\/05\/04-SONHO-DA-SEDE-1.jpg\" alt=\"\">\n\t        <\/div>         \t\n        \t\t\t<div class=\"item Destrui\u00e7\u00e3o da parede dos fundos e invas\u00e3o do sal\u00e3o pela avalanche em mar\u00e7o de 1994\">\n\t            <a href=\"http:\/\/www.gfeoswaldocruz.com.br\/gfeoc\/wp-content\/uploads\/2021\/05\/04-SONHO-DA-SEDE-4.jpg\" class=\"gallery-images-popup-69d9645f5e95a\" title=\"04 - SONHO DA SEDE (4)\"><span class=\"overlay\"><\/span><\/a>\n\t            <img src=\"http:\/\/www.gfeoswaldocruz.com.br\/gfeoc\/wp-content\/uploads\/2021\/05\/04-SONHO-DA-SEDE-4.jpg\" alt=\"\">\n\t        <\/div>         \t\n                       \n    <\/div>  \n\n    <script type=\"text\/javascript\">\n\t    jQuery(document).ready(function() {  \n\t   \t\t'use strict';\n\t   \t\tjQuery('.gallery-images-popup-69d9645f5e95a').magnificPopup({\n\t\t\t\ttype: 'image',\n\t\t\t\tcloseOnContentClick: false,\n\t\t\t\tcloseBtnInside: false,\n\t\t\t\tmainClass: 'mfp-with-zoom mfp-img-mobile',\n\t\t\t\timage: {\n\t\t\t\t\tverticalFit: true,\n\t\t\t\t\ttitleSrc: function(item) {\n\t\t\t\t\t\treturn item.el.attr('title');\t\t\t\t\t\t\n\t\t\t\t\t}\n\t\t\t\t},\n\t\t\t\tgallery: {\n\t\t\t\t\tenabled: true\n\t\t\t\t}\t\t\n\t\t\t}); \n\t\t });\n    <\/script>\n\t\n[\/vc_column][\/vc_row][vc_row el_id=&#8221;contato&#8221;][vc_column width=&#8221;1\/2&#8243;][vc_text_separator title=&#8221;Venha nos visitar&#8221; i_icon_fontawesome=&#8221;fas fa-map-marker-alt&#8221; add_icon=&#8221;true&#8221;][vc_gmaps link=&#8221;#E-8_JTNDaWZyYW1lJTIwc3JjJTNEJTIyaHR0cHMlM0ElMkYlMkZ3d3cuZ29vZ2xlLmNvbSUyRm1hcHMlMkZlbWJlZCUzRnBiJTNEJTIxMW0xOCUyMTFtMTIlMjExbTMlMjExZDg5Ni44Nzc1OTMwODY2Mjk4JTIxMmQtNDMuMTY3Mzk1NTk1NTYwMDY2JTIxM2QtMjIuNTIxMzY3MTUzMTQ1MjglMjEybTMlMjExZjAlMjEyZjAlMjEzZjAlMjEzbTIlMjExaTEwMjQlMjEyaTc2OCUyMTRmMTMuMSUyMTNtMyUyMTFtMiUyMTFzMHgwJTI1M0EweGQ4ODkyMmFmMzJjNGJiOGIlMjEyc0dydXBvJTI1MjBkYSUyNTIwRnJhdGVybmlkYWRlJTI1MjBFc3AlMjVDMyUyNUFEcml0YSUyNTIwT3N3YWxkbyUyNTIwQ3J1eiUyMTVlMCUyMTNtMiUyMTFzcHQtQlIlMjEyc2JyJTIxNHYxNTg3NDE5MDg2NjEwJTIxNW0yJTIxMXNwdC1CUiUyMTJzYnIlMjIlMjB3aWR0aCUzRCUyMjYwMCUyMiUyMGhlaWdodCUzRCUyMjQ1MCUyMiUyMGZyYW1lYm9yZGVyJTNEJTIyMCUyMiUyMHN0eWxlJTNEJTIyYm9yZGVyJTNBMCUzQiUyMiUyMGFsbG93ZnVsbHNjcmVlbiUzRCUyMiUyMiUyMGFyaWEtaGlkZGVuJTNEJTIyZmFsc2UlMjIlMjB0YWJpbmRleCUzRCUyMjAlMjIlM0UlM0MlMkZpZnJhbWUlM0U=&#8221;][\/vc_column][vc_column width=&#8221;1\/2&#8243;][vc_text_separator title=&#8221;Fale Conosco&#8221; i_icon_fontawesome=&#8221;fas fa-envelope&#8221; add_icon=&#8221;true&#8221;]<div role=\"form\" class=\"wpcf7\" id=\"wpcf7-f265-o1\" lang=\"en-US\" dir=\"ltr\">\n<div class=\"screen-reader-response\"><p role=\"status\" aria-live=\"polite\" aria-atomic=\"true\"><\/p> <ul><\/ul><\/div>\n<form action=\"\/gfeoc\/wp-json\/wp\/v2\/pages\/241#wpcf7-f265-o1\" method=\"post\" class=\"wpcf7-form init\" novalidate=\"novalidate\" data-status=\"init\">\n<div style=\"display: none;\">\n<input type=\"hidden\" name=\"_wpcf7\" value=\"265\" \/>\n<input type=\"hidden\" name=\"_wpcf7_version\" value=\"5.4.1\" \/>\n<input type=\"hidden\" name=\"_wpcf7_locale\" value=\"en_US\" \/>\n<input type=\"hidden\" name=\"_wpcf7_unit_tag\" value=\"wpcf7-f265-o1\" \/>\n<input type=\"hidden\" name=\"_wpcf7_container_post\" value=\"0\" \/>\n<input type=\"hidden\" name=\"_wpcf7_posted_data_hash\" value=\"\" \/>\n<\/div>\n<div id=\"contact-form-wrapper\">\n<span class=\"wpcf7-form-control-wrap your-name\"><input type=\"text\" name=\"your-name\" value=\"\" size=\"40\" class=\"wpcf7-form-control wpcf7-text wpcf7-validates-as-required form-control\" aria-required=\"true\" aria-invalid=\"false\" placeholder=\"Nome\" \/><\/span><br \/>\n<span class=\"wpcf7-form-control-wrap your-email\"><input type=\"email\" name=\"your-email\" value=\"\" size=\"40\" class=\"wpcf7-form-control wpcf7-text wpcf7-email wpcf7-validates-as-required wpcf7-validates-as-email form-control\" aria-required=\"true\" aria-invalid=\"false\" placeholder=\"E-mail\" \/><\/span><br \/>\n<span class=\"wpcf7-form-control-wrap your-subject\"><input type=\"text\" name=\"your-subject\" value=\"\" size=\"40\" class=\"wpcf7-form-control wpcf7-text form-control\" aria-invalid=\"false\" placeholder=\"Assunto\" \/><\/span><br \/>\n<span class=\"wpcf7-form-control-wrap your-message\"><textarea name=\"your-message\" cols=\"10\" rows=\"5\" class=\"wpcf7-form-control wpcf7-textarea form-control\" aria-invalid=\"false\" placeholder=\"Mensagem\"><\/textarea><\/span><br \/>\n<input type=\"submit\" value=\"Enviar\" class=\"wpcf7-form-control wpcf7-submit btn btn-custom\" \/>\n<\/div>\n<input type='hidden' class='wpcf7-pum' value='{\"closepopup\":false,\"closedelay\":0,\"openpopup\":false,\"openpopup_id\":0}' \/><div class=\"wpcf7-response-output\" aria-hidden=\"true\"><\/div><\/form><\/div>[\/vc_column][\/vc_row]<\/p>\n","protected":false},"excerpt":{"rendered":"<p>[vc_row][vc_column][vc_empty_space][\/vc_column][\/vc_row][vc_row el_id=&#8221;historia&#8221;][vc_column width=&#8221;1\/2&#8243;][vc_column_text][\/vc_column_text][\/vc_column][vc_column width=&#8221;1\/2&#8243;][vc_column_text]Administra\u00e7\u00e3o Coordena\u00e7\u00e3o Geral: J\u00falio C\u00e9sar Carvalho \u2013 cgeral@gfeoswaldocruz.com.br Coordena\u00e7\u00e3o de Secretaria: CS Myrza Rolim\u00a0\u2013\u00a0secretaria@gfeoswaldocuz.com.br Coordena\u00e7\u00e3o Medi\u00fanica: COM Fernando Coimbra\u00a0\u2013\u00a0mediunica@gfeoswaldocruz.com.br Coordena\u00e7\u00e3o\u00a0 de Assuntos Doutrin\u00e1ria: COAD Lu\u00eds Guilherme A. [&hellip;]<\/p>\n","protected":false},"author":1,"featured_media":0,"parent":0,"menu_order":0,"comment_status":"closed","ping_status":"closed","template":"page-templates\/template-fullwidth.php","meta":[],"_links":{"self":[{"href":"http:\/\/www.gfeoswaldocruz.com.br\/gfeoc\/wp-json\/wp\/v2\/pages\/241"}],"collection":[{"href":"http:\/\/www.gfeoswaldocruz.com.br\/gfeoc\/wp-json\/wp\/v2\/pages"}],"about":[{"href":"http:\/\/www.gfeoswaldocruz.com.br\/gfeoc\/wp-json\/wp\/v2\/types\/page"}],"author":[{"embeddable":true,"href":"http:\/\/www.gfeoswaldocruz.com.br\/gfeoc\/wp-json\/wp\/v2\/users\/1"}],"replies":[{"embeddable":true,"href":"http:\/\/www.gfeoswaldocruz.com.br\/gfeoc\/wp-json\/wp\/v2\/comments?post=241"}],"version-history":[{"count":16,"href":"http:\/\/www.gfeoswaldocruz.com.br\/gfeoc\/wp-json\/wp\/v2\/pages\/241\/revisions"}],"predecessor-version":[{"id":621,"href":"http:\/\/www.gfeoswaldocruz.com.br\/gfeoc\/wp-json\/wp\/v2\/pages\/241\/revisions\/621"}],"wp:attachment":[{"href":"http:\/\/www.gfeoswaldocruz.com.br\/gfeoc\/wp-json\/wp\/v2\/media?parent=241"}],"curies":[{"name":"wp","href":"https:\/\/api.w.org\/{rel}","templated":true}]}}